{"id":102,"date":"2018-02-13T16:05:35","date_gmt":"2018-02-13T15:05:35","guid":{"rendered":"http:\/\/vx108800.server2.imperialmedia.cz\/?page_id=102"},"modified":"2018-02-13T16:06:25","modified_gmt":"2018-02-13T15:06:25","slug":"startseite","status":"publish","type":"page","link":"https:\/\/www.chemigrafie.eu\/de\/","title":{"rendered":"Startseite"},"content":{"rendered":"<p>[et_pb_section bb_built=&#8220;1&#8243; _builder_version=&#8220;3.0.101&#8243; custom_padding=&#8220;|15px||15px&#8220;][et_pb_row][et_pb_column type=&#8220;1_2&#8243;][et_pb_image _builder_version=&#8220;3.0.101&#8243; src=&#8220;http:\/\/www.chemigrafie.eu\/wp-content\/uploads\/2018\/02\/14023227882.jpg&#8220; show_in_lightbox=&#8220;off&#8220; url_new_window=&#8220;off&#8220; use_overlay=&#8220;off&#8220; always_center_on_mobile=&#8220;on&#8220; force_fullwidth=&#8220;off&#8220; show_bottom_space=&#8220;on&#8220; \/][\/et_pb_column][et_pb_column type=&#8220;1_2&#8243;][et_pb_text _builder_version=&#8220;3.0.101&#8243; background_layout=&#8220;light&#8220;]<\/p>\n<h2>\u00dcber uns<\/h2>\n<p>Die Firma CHEMIGRAFIE CZ s.r.o. ist eine spezialisierte Produktionsgesellschaft, die sich langfristig mit der Produktion von Klischees, Stanzen und Pr\u00e4geeisen befasst.<\/p>\n<p>Wir arbeiten mit Subjekten aller Gr\u00f6\u00dfen zusammen und nutzen die Dienste der renommierten Lieferanten aus.<\/p>\n<p>Unsere Firma steht auf stabilen Fundamenten, die uns erm\u00f6glichen, unsere Produktionskapazit\u00e4ten weiter zu erh\u00f6hen und das Wirkungsgebiet zu erweitern. Im Jahr 2007 vergr\u00f6\u00dferte sich die Firma um neue Produktionsr\u00e4ume in Br\u00fcnn.<\/p>\n<p>Wir st\u00fctzen uns auf die sorgf\u00e4ltige Qualit\u00e4tsarbeit unserer Arbeitnehmer, die im Produktionsprozess bew\u00e4hrte technologische Vorg\u00e4nge und zuverl\u00e4ssige moderne Maschinen. Dank diesen Faktoren k\u00f6nnen wir perfekte Qualit\u00e4t unserer Produkte garantieren.<\/p>\n<p>&nbsp;<\/p>\n<p>[\/et_pb_text][\/et_pb_column][\/et_pb_row][\/et_pb_section]<\/p>\n","protected":false},"excerpt":{"rendered":"<p>\u00dcber uns Die Firma CHEMIGRAFIE CZ s.r.o. ist eine&#8230;<\/p>\n","protected":false},"author":1,"featured_media":0,"parent":0,"menu_order":1,"comment_status":"closed","ping_status":"closed","template":"","meta":{"_et_pb_use_builder":"on","_et_pb_old_content":"","_et_gb_content_width":"","footnotes":""},"class_list":["post-102","page","type-page","status-publish","hentry"],"_links":{"self":[{"href":"https:\/\/www.chemigrafie.eu\/de\/wp-json\/wp\/v2\/pages\/102","targetHints":{"allow":["GET"]}}],"collection":[{"href":"https:\/\/www.chemigrafie.eu\/de\/wp-json\/wp\/v2\/pages"}],"about":[{"href":"https:\/\/www.chemigrafie.eu\/de\/wp-json\/wp\/v2\/types\/page"}],"author":[{"embeddable":true,"href":"https:\/\/www.chemigrafie.eu\/de\/wp-json\/wp\/v2\/users\/1"}],"replies":[{"embeddable":true,"href":"https:\/\/www.chemigrafie.eu\/de\/wp-json\/wp\/v2\/comments?post=102"}],"version-history":[{"count":2,"href":"https:\/\/www.chemigrafie.eu\/de\/wp-json\/wp\/v2\/pages\/102\/revisions"}],"predecessor-version":[{"id":104,"href":"https:\/\/www.chemigrafie.eu\/de\/wp-json\/wp\/v2\/pages\/102\/revisions\/104"}],"wp:attachment":[{"href":"https:\/\/www.chemigrafie.eu\/de\/wp-json\/wp\/v2\/media?parent=102"}],"curies":[{"name":"wp","href":"https:\/\/api.w.org\/{rel}","templated":true}]}}