{"id":105,"date":"2018-02-13T16:20:07","date_gmt":"2018-02-13T15:20:07","guid":{"rendered":"http:\/\/vx108800.server2.imperialmedia.cz\/?page_id=105"},"modified":"2018-03-01T16:15:38","modified_gmt":"2018-03-01T15:15:38","slug":"produkte","status":"publish","type":"page","link":"https:\/\/www.chemigrafie.eu\/de\/produkte\/","title":{"rendered":"Produkte"},"content":{"rendered":"<p>[et_pb_section bb_built=&#8220;1&#8243; next_background_color=&#8220;#000000&#8243; _builder_version=&#8220;3.0.101&#8243; custom_padding=&#8220;0px||0px|&#8220;][et_pb_row _builder_version=&#8220;3.0.101&#8243; make_fullwidth=&#8220;on&#8220; background_image=&#8220;http:\/\/www.chemigrafie.eu\/wp-content\/uploads\/2018\/02\/subpage-headline-bg.png&#8220; custom_padding=&#8220;90px||90px|&#8220;][et_pb_column type=&#8220;4_4&#8243;][et_pb_post_title _builder_version=&#8220;3.0.101&#8243; title=&#8220;on&#8220; meta=&#8220;off&#8220; author=&#8220;on&#8220; date=&#8220;on&#8220; categories=&#8220;on&#8220; comments=&#8220;on&#8220; featured_image=&#8220;off&#8220; featured_placement=&#8220;below&#8220; text_color=&#8220;dark&#8220; text_background=&#8220;off&#8220; text_orientation=&#8220;center&#8220; title_font_size=&#8220;48px&#8220; title_text_color=&#8220;#ffffff&#8220; \/][\/et_pb_column][\/et_pb_row][\/et_pb_section][et_pb_section bb_built=&#8220;1&#8243; fullwidth=&#8220;off&#8220; specialty=&#8220;off&#8220; prev_background_color=&#8220;#000000&#8243; _builder_version=&#8220;3.0.101&#8243; custom_padding=&#8220;|15px||15px&#8220;][et_pb_row _builder_version=&#8220;3.0.101&#8243;][et_pb_column type=&#8220;1_2&#8243;][et_pb_image _builder_version=&#8220;3.0.101&#8243; src=&#8220;http:\/\/www.chemigrafie.eu\/wp-content\/uploads\/2018\/02\/produkty-obrazek.jpg&#8220; show_in_lightbox=&#8220;off&#8220; url_new_window=&#8220;off&#8220; use_overlay=&#8220;off&#8220; always_center_on_mobile=&#8220;on&#8220; force_fullwidth=&#8220;off&#8220; show_bottom_space=&#8220;on&#8220; \/][\/et_pb_column][et_pb_column type=&#8220;1_2&#8243;][et_pb_text _builder_version=&#8220;3.0.105&#8243; background_layout=&#8220;light&#8220;]<\/p>\n<h2 class=\"p1\"><span class=\"s1\">Wir fertigen:<\/span><\/h2>\n<ul class=\"ul1\">\n<li class=\"li1\"><span class=\"s2\">Magnesiumpr\u00e4gest\u00f6cke (f\u00fcr Hei\u00dfpr\u00e4gung \u2013 Vergoldungen, Reliefpr\u00e4gung, Blindpr\u00e4gung)<\/span><\/li>\n<li class=\"li1\"><span class=\"s2\">Pr\u00e4gestempel aus Messing (f\u00fcr Hei\u00dfpr\u00e4gung \u2013 Vergoldungen, Reliefpr\u00e4gung, Blindpr\u00e4gung)<\/span><\/li>\n<li class=\"li1\"><span class=\"s2\">Pr\u00e4gestempel zur Buchdruckverarbeitung <\/span><\/li>\n<li class=\"li1\"><span class=\"s2\">handgefertigte Pr\u00e4gestempel<\/span><\/li>\n<li class=\"li1\"><span class=\"s2\">Gegenst\u00fccke<\/span><\/li>\n<li class=\"li1\"><span class=\"s2\">2D, 3D Pr\u00e4gewerkzeuge<\/span><\/li>\n<li class=\"li1\"><span class=\"s2\">Hei\u00dfpr\u00e4ge-Rotationsformen f\u00fcr Flexodruck<\/span><\/li>\n<li class=\"li1\"><span class=\"s2\">magnetische Walzen<\/span><\/li>\n<li class=\"li1\"><span class=\"s2\">Fr\u00e4sen von Walzen und Rotationsfl\u00e4chen<\/span><\/li>\n<li class=\"li1\"><span class=\"s2\">Schutz-Hologramme auf den Pr\u00e4gewerkzeugen<\/span><\/li>\n<li class=\"li1\"><span class=\"s2\">Mikroembossing<\/span><\/li>\n<\/ul>\n<p><strong><span class=\"s1\" style=\"font-size: 24px;\">Wir versenden innerhalb von 24 Stunden.<\/span><\/strong><\/p>\n<p>[\/et_pb_text][\/et_pb_column][\/et_pb_row][et_pb_row][et_pb_column type=&#8220;4_4&#8243;][et_pb_text _builder_version=&#8220;3.0.105&#8243; background_layout=&#8220;light&#8220;]<\/p>\n<p class=\"p1\"><span class=\"s1\">Wir erf\u00fcllen effektiv Auftr\u00e4ge mit gro\u00dfen und kleinen Ma\u00dfen, nach vorheriger Konsultation \u00fcbernehmen wir auch spezifische Auftr\u00e4ge. Bei Magnesiumpr\u00e4gest\u00f6cken sind wir in der Lage, die fertigen Produkte innerhalb von 24 Stunden zu \u00fcbergeben, bei anderen Produkten schlagen wir Liefertermine nach den konkreten Parametern des jeweiligen Auftrags vor.<\/span><\/p>\n<div class=\"frm_forms  with_frm_style frm_center_submit frm_style_formidable-style\" id=\"frm_form_8_container\" >\n<form enctype=\"multipart\/form-data\" method=\"post\" class=\"frm-show-form  frm_ajax_submit  frm_pro_form \" id=\"form_256nk2\" >\n<div class=\"frm_form_fields \">\n<fieldset>\n<legend class=\"frm_screen_reader\">Nachfrageformular<\/legend>\r\n<h3 class=\"frm_form_title\">Nachfrageformular<\/h3>\r\n<div class=\"frm_fields_container\">\n<input type=\"hidden\" name=\"frm_action\" value=\"create\" \/>\n<input type=\"hidden\" name=\"form_id\" value=\"8\" \/>\n<input type=\"hidden\" name=\"frm_hide_fields_8\" id=\"frm_hide_fields_8\" value=\"\" \/>\n<input type=\"hidden\" name=\"form_key\" value=\"256nk2\" \/>\n<input type=\"hidden\" name=\"item_meta[0]\" value=\"\" \/>\n<input type=\"hidden\" id=\"frm_submit_entry_8\" name=\"frm_submit_entry_8\" value=\"f245f86fb5\" \/><input type=\"hidden\" name=\"_wp_http_referer\" value=\"\/de\/wp-json\/wp\/v2\/pages\/105\" \/><div id=\"frm_field_85_container\" class=\"frm_form_field form-field  frm_required_field frm_inside_container\">\r\n    <label for=\"field_f6oxx2\" class=\"frm_primary_label\">Firma\r\n        <span class=\"frm_required\">*<\/span>\r\n    <\/label>\r\n    <input  type=\"text\" id=\"field_f6oxx2\" name=\"item_meta[85]\" value=\"\"  data-reqmsg=\"Dieses Feld darf nicht leer sein.\" aria-required=\"true\" data-invmsg=\"Text is invalid\" aria-invalid=\"false\"   \/>\r\n    \r\n    \r\n<\/div>\n<div id=\"frm_field_86_container\" class=\"frm_form_field form-field  frm_required_field frm_inside_container\">\r\n    <label for=\"field_aexze2\" class=\"frm_primary_label\">Ansprechpartner\r\n        <span class=\"frm_required\">*<\/span>\r\n    <\/label>\r\n    <input  type=\"text\" id=\"field_aexze2\" name=\"item_meta[86]\" value=\"\"  data-reqmsg=\"Dieses Feld darf nicht leer sein.\" aria-required=\"true\" data-invmsg=\"Text is invalid\" aria-invalid=\"false\"   \/>\r\n    \r\n    \r\n<\/div>\n<div id=\"frm_field_87_container\" class=\"frm_form_field form-field  frm_required_field frm_inside_container frm_half frm_first\">\r\n    <label for=\"field_70otp2\" class=\"frm_primary_label\">Telefon\r\n        <span class=\"frm_required\">*<\/span>\r\n    <\/label>\r\n    <input  type=\"text\" id=\"field_70otp2\" name=\"item_meta[87]\" value=\"\"  data-reqmsg=\"Dieses Feld darf nicht leer sein.\" aria-required=\"true\" data-invmsg=\"Text is invalid\" aria-invalid=\"false\"   \/>\r\n    \r\n    \r\n<\/div>\n<div id=\"frm_field_88_container\" class=\"frm_form_field form-field  frm_required_field frm_inside_container frm_half frm_alignright\">\r\n    <label for=\"field_gt1jm2\" class=\"frm_primary_label\">E-Mail-Adresse\r\n        <span class=\"frm_required\">*<\/span>\r\n    <\/label>\r\n    <input type=\"email\" id=\"field_gt1jm2\" name=\"item_meta[88]\" value=\"\"  data-reqmsg=\"Dieses Feld darf nicht leer sein.\" aria-required=\"true\" data-invmsg=\"E-Mail ist ung\u00fcltig.\" aria-invalid=\"false\"  \/>\r\n    \r\n    \r\n<\/div>\n<div id=\"frm_field_89_container\" class=\"frm_form_field form-field  frm_required_field frm_inside_container\">\r\n    <label for=\"field_lm4ux2\" class=\"frm_primary_label\">Nachfragespezifikation\r\n        <span class=\"frm_required\">*<\/span>\r\n    <\/label>\r\n    <textarea name=\"item_meta[89]\" id=\"field_lm4ux2\" rows=\"5\"  data-reqmsg=\"Dieses Feld darf nicht leer sein.\" aria-required=\"true\" data-invmsg=\"Nachfragespezifikation is invalid\" aria-invalid=\"false\"  ><\/textarea>\r\n    \r\n    \r\n<\/div>\n<div id=\"frm_field_90_container\" class=\"frm_form_field form-field  frm_top_container\">\r\n    <label for=\"field_7pq8t2\" class=\"frm_primary_label\">Anhang\r\n        <span class=\"frm_required\"><\/span>\r\n    <\/label>\r\n    <input type=\"hidden\"  data-invmsg=\"File Upload is invalid\" aria-invalid=\"false\"   name=\"item_meta[90][]\"  value=\"\" data-frmfile=\"90\" \/>\n\n<div class=\"frm_dropzone frm_multi_upload frm_clearfix\" id=\"file90_dropzone\" role=\"group\" >\n\t<div class=\"fallback\">\n\t\t<input type=\"file\" name=\"file90[]\" id=\"field_7pq8t2\"\n\t\t\t data-frmfile=\"90\" multiple=\"multiple\"  data-invmsg=\"File Upload is invalid\" aria-invalid=\"false\"  \t\t\t\/>\n\t\t\t\t<div class=\"frm_clearfix \"><\/div>\n\t<\/div>\n\t<div class=\"dz-message needsclick\">\n\t\t\t\t<svg  viewBox=\"0 0 18 18\" class=\"frmsvg frm-svg-icon\">\n\t<path viewBox=\"0 0 18 18\" fill-rule=\"evenodd\" clip-rule=\"evenodd\" d=\"M8.2 4v8a.8.8 0 001.5 0V4l2.1 2.2A.7.7 0 1013 5L9.5 1.7a.7.7 0 00-1.1 0L5.1 5.2a.8.8 0 001 1l2.1-2zm7.6 4.3c.4 0 .7.3.7.7v6.8c0 .4-.3.7-.8.7H2.3a.8.8 0 01-.8-.8V9A.8.8 0 013 9v6h12V9c0-.4.3-.8.8-.8z\"><\/path>\n<\/svg>\t\t<span class=\"frm_upload_text\"><button type=\"button\" aria-label=\"Anhang. Zum Hochladen Datei hier ablegen oder auf den Button klicken.. Maximale Dateigr\u00f6\u00dfe: 50MB\">Zum Hochladen Datei hier ablegen oder auf den Button klicken.<\/button><\/span>\n\t\t<span class=\"frm_compact_text\"><button type=\"button\" aria-label=\"Anhang. Datei w\u00e4hlen. Maximale Dateigr\u00f6\u00dfe: 50MB\">Datei w\u00e4hlen<\/button><\/span>\n\t\t<div class=\"frm_small_text\">\n\t\t\t<p>Maximale Dateigr\u00f6\u00dfe: 50MB<\/p>\n\t\t<\/div>\n\t<\/div>\n<\/div>\n\t\r\n    \r\n    \r\n<\/div>\n<div id=\"frm_field_117_container\" class=\"frm_form_field form-field  frm_none_container\">\r\n\t<label for=\"g-recaptcha-response\" id=\"field_47w6b_label\" class=\"frm_primary_label\">Captcha\r\n\t\t<span class=\"frm_required\" aria-hidden=\"true\"><\/span>\r\n\t<\/label>\r\n\t<div  id=\"field_47w6b\" class=\"frm-g-recaptcha\" data-sitekey=\"6LctsFUqAAAAAE_wMW16BrhyFrFPgBR4NYzjaGoG\" data-size=\"invisible\" data-theme=\"light\"><\/div>\r\n\t\r\n\t\r\n<\/div>\n<div id=\"frm_field_110_container\" class=\"frm_form_field form-field \">\r\n\t<div class=\"frm_submit\">\r\n\r\n<button class=\"frm_button_submit frm_final_submit\" type=\"submit\"   formnovalidate=\"formnovalidate\">Senden<\/button>\r\n\r\n<\/div>\r\n<\/div>\n\t<input type=\"hidden\" name=\"item_key\" value=\"\" \/>\n\t\t\t<div id=\"frm_field_119_container\">\n\t\t\t<label for=\"field_t8nm\" >\n\t\t\t\tFalls Du menschlich bist, lasse dieses Feld leer.\t\t\t<\/label>\n\t\t\t<input  id=\"field_t8nm\" type=\"text\" class=\"frm_form_field form-field frm_verify\" name=\"item_meta[119]\" value=\"\"  \/>\n\t\t<\/div>\n\t\t<input name=\"frm_state\" type=\"hidden\" value=\"QMP\/Kx+A6wuOvdc5bzGsTowTE9EXeH\/yLrBKixc0xp7SYISGDBH\/flxNEXsf9mq3\" \/><\/div>\n<\/fieldset>\n<\/div>\n\n<\/form>\n<\/div>\n\n<p>&nbsp;<\/p>\n<p>[\/et_pb_text][\/et_pb_column][\/et_pb_row][\/et_pb_section]<\/p>\n","protected":false},"excerpt":{"rendered":"<p>Wir fertigen: Magnesiumpr\u00e4gest\u00f6cke (f\u00fcr Hei\u00dfpr\u00e4gung \u2013&#8230;<\/p>\n","protected":false},"author":1,"featured_media":0,"parent":0,"menu_order":2,"comment_status":"closed","ping_status":"closed","template":"","meta":{"_et_pb_use_builder":"on","_et_pb_old_content":"","_et_gb_content_width":"","footnotes":""},"class_list":["post-105","page","type-page","status-publish","hentry"],"_links":{"self":[{"href":"https:\/\/www.chemigrafie.eu\/de\/wp-json\/wp\/v2\/pages\/105","targetHints":{"allow":["GET"]}}],"collection":[{"href":"https:\/\/www.chemigrafie.eu\/de\/wp-json\/wp\/v2\/pages"}],"about":[{"href":"https:\/\/www.chemigrafie.eu\/de\/wp-json\/wp\/v2\/types\/page"}],"author":[{"embeddable":true,"href":"https:\/\/www.chemigrafie.eu\/de\/wp-json\/wp\/v2\/users\/1"}],"replies":[{"embeddable":true,"href":"https:\/\/www.chemigrafie.eu\/de\/wp-json\/wp\/v2\/comments?post=105"}],"version-history":[{"count":5,"href":"https:\/\/www.chemigrafie.eu\/de\/wp-json\/wp\/v2\/pages\/105\/revisions"}],"predecessor-version":[{"id":178,"href":"https:\/\/www.chemigrafie.eu\/de\/wp-json\/wp\/v2\/pages\/105\/revisions\/178"}],"wp:attachment":[{"href":"https:\/\/www.chemigrafie.eu\/de\/wp-json\/wp\/v2\/media?parent=105"}],"curies":[{"name":"wp","href":"https:\/\/api.w.org\/{rel}","templated":true}]}}