{"id":29,"date":"2018-02-12T13:16:04","date_gmt":"2018-02-12T12:16:04","guid":{"rendered":"http:\/\/vx108800.server2.imperialmedia.cz\/?page_id=29"},"modified":"2018-02-14T08:38:18","modified_gmt":"2018-02-14T07:38:18","slug":"uvod","status":"publish","type":"page","link":"https:\/\/www.chemigrafie.eu\/sk\/","title":{"rendered":"\u00davod"},"content":{"rendered":"<p>[et_pb_section bb_built=&#8220;1&#8243; _builder_version=&#8220;3.0.101&#8243; custom_padding=&#8220;|15px||15px&#8220;][et_pb_row][et_pb_column type=&#8220;1_2&#8243;][et_pb_image _builder_version=&#8220;3.0.101&#8243; src=&#8220;http:\/\/www.chemigrafie.eu\/wp-content\/uploads\/2018\/02\/14023227882.jpg&#8220; show_in_lightbox=&#8220;off&#8220; url_new_window=&#8220;off&#8220; use_overlay=&#8220;off&#8220; always_center_on_mobile=&#8220;on&#8220; force_fullwidth=&#8220;off&#8220; show_bottom_space=&#8220;on&#8220; \/][\/et_pb_column][et_pb_column type=&#8220;1_2&#8243;][et_pb_text _builder_version=&#8220;3.0.101&#8243; background_layout=&#8220;light&#8220;]<\/p>\n<h2>O n\u00e1s<\/h2>\n<p><span lang=\"sk-SK\"><strong>Firma Martin Leke\u0161<\/strong> je \u0161pecializovanou v\u00fdrobnou spolo\u010dnos\u0165ou, ktor\u00e1 sa dlhodobo zaober\u00e1 produkciou <strong>\u0161to\u010dkov, razn\u00edc a razidiel.<\/strong><\/span><\/p>\n<p><span lang=\"sk-SK\">Spolupracujeme so subjektmi v\u0161etk\u00fdch ve\u013ekost\u00ed. Vyu\u017e\u00edvame slu\u017eby renomovan\u00fdch dod\u00e1vate\u013eov.<\/span><\/p>\n<p><span lang=\"sk-SK\">Na\u0161a firma stoj\u00ed na stabiln\u00fdch z\u00e1kladoch, ktor\u00e9 dovo\u013euj\u00fa \u010falej zvy\u0161ova\u0165 na\u0161e v\u00fdrobn\u00e9 kapacity a \u00fazemn\u00fa p\u00f4sobnos\u0165. V roku 2007 sa firma rozr\u00e1stla o brnianske v\u00fdrobn\u00e9 priestory.<\/span><\/p>\n<p><span lang=\"sk-SK\">Opierame sa o kvalitn\u00fa a svedomit\u00fa pr\u00e1cu na\u0161ich zamestnancov. T\u00ed pri pr\u00e1ci vyu\u017e\u00edvaj\u00fa osved\u010den\u00e9 technologick\u00e9 postupy\u00a0<\/span><span lang=\"sk-SK\">a spo\u013eahliv\u00e9 modern\u00e9 stroje. V\u010faka t\u00fdmto faktorom preto m\u00f4\u017eeme garantova\u0165 perfektn\u00fa kvalitu v\u00fdsledn\u00e9ho diela.<\/span><\/p>\n<p>[\/et_pb_text][\/et_pb_column][\/et_pb_row][\/et_pb_section]<\/p>\n","protected":false},"excerpt":{"rendered":"<p>O n\u00e1s Firma Martin Leke\u0161 je \u0161pecializovanou v\u00fdrobnou&#8230;<\/p>\n","protected":false},"author":1,"featured_media":0,"parent":0,"menu_order":1,"comment_status":"closed","ping_status":"closed","template":"","meta":{"_et_pb_use_builder":"on","_et_pb_old_content":"","_et_gb_content_width":"","footnotes":""},"class_list":["post-29","page","type-page","status-publish","hentry"],"_links":{"self":[{"href":"https:\/\/www.chemigrafie.eu\/sk\/wp-json\/wp\/v2\/pages\/29","targetHints":{"allow":["GET"]}}],"collection":[{"href":"https:\/\/www.chemigrafie.eu\/sk\/wp-json\/wp\/v2\/pages"}],"about":[{"href":"https:\/\/www.chemigrafie.eu\/sk\/wp-json\/wp\/v2\/types\/page"}],"author":[{"embeddable":true,"href":"https:\/\/www.chemigrafie.eu\/sk\/wp-json\/wp\/v2\/users\/1"}],"replies":[{"embeddable":true,"href":"https:\/\/www.chemigrafie.eu\/sk\/wp-json\/wp\/v2\/comments?post=29"}],"version-history":[{"count":4,"href":"https:\/\/www.chemigrafie.eu\/sk\/wp-json\/wp\/v2\/pages\/29\/revisions"}],"predecessor-version":[{"id":120,"href":"https:\/\/www.chemigrafie.eu\/sk\/wp-json\/wp\/v2\/pages\/29\/revisions\/120"}],"wp:attachment":[{"href":"https:\/\/www.chemigrafie.eu\/sk\/wp-json\/wp\/v2\/media?parent=29"}],"curies":[{"name":"wp","href":"https:\/\/api.w.org\/{rel}","templated":true}]}}