{"id":89,"date":"2018-02-13T13:53:21","date_gmt":"2018-02-13T12:53:21","guid":{"rendered":"http:\/\/vx108800.server2.imperialmedia.cz\/?page_id=89"},"modified":"2018-03-01T16:16:58","modified_gmt":"2018-03-01T15:16:58","slug":"produkty","status":"publish","type":"page","link":"https:\/\/www.chemigrafie.eu\/sk\/produkty\/","title":{"rendered":"Produkty"},"content":{"rendered":"<p>[et_pb_section bb_built=&#8220;1&#8243; next_background_color=&#8220;#000000&#8243; _builder_version=&#8220;3.0.101&#8243; custom_padding=&#8220;0px||0px|&#8220;][et_pb_row _builder_version=&#8220;3.0.101&#8243; make_fullwidth=&#8220;on&#8220; background_image=&#8220;http:\/\/www.chemigrafie.eu\/wp-content\/uploads\/2018\/02\/subpage-headline-bg.png&#8220; custom_padding=&#8220;90px||90px|&#8220;][et_pb_column type=&#8220;4_4&#8243;][et_pb_post_title _builder_version=&#8220;3.0.101&#8243; title=&#8220;on&#8220; meta=&#8220;off&#8220; author=&#8220;on&#8220; date=&#8220;on&#8220; categories=&#8220;on&#8220; comments=&#8220;on&#8220; featured_image=&#8220;off&#8220; featured_placement=&#8220;below&#8220; text_color=&#8220;dark&#8220; text_background=&#8220;off&#8220; text_orientation=&#8220;center&#8220; title_font_size=&#8220;48px&#8220; title_text_color=&#8220;#ffffff&#8220; \/][\/et_pb_column][\/et_pb_row][\/et_pb_section][et_pb_section bb_built=&#8220;1&#8243; fullwidth=&#8220;off&#8220; specialty=&#8220;off&#8220; prev_background_color=&#8220;#000000&#8243; _builder_version=&#8220;3.0.101&#8243; custom_padding=&#8220;|15px||15px&#8220;][et_pb_row _builder_version=&#8220;3.0.101&#8243;][et_pb_column type=&#8220;1_2&#8243;][et_pb_image _builder_version=&#8220;3.0.101&#8243; src=&#8220;http:\/\/www.chemigrafie.eu\/wp-content\/uploads\/2018\/02\/produkty-obrazek.jpg&#8220; show_in_lightbox=&#8220;off&#8220; url_new_window=&#8220;off&#8220; use_overlay=&#8220;off&#8220; always_center_on_mobile=&#8220;on&#8220; force_fullwidth=&#8220;off&#8220; show_bottom_space=&#8220;on&#8220; \/][\/et_pb_column][et_pb_column type=&#8220;1_2&#8243;][et_pb_text _builder_version=&#8220;3.0.105&#8243; background_layout=&#8220;light&#8220;]<\/p>\n<h2><span lang=\"sk-SK\">Vyr\u00e1bame:<\/span><\/h2>\n<ul>\n<li><span lang=\"sk-SK\">Hor\u010d\u00edkov\u00e9 \u0161to\u010dky (pre hor\u00facu razbu \u2013 zl\u00e1tenie, reli\u00e9fnu razbu, sleporazbu)<\/span><\/li>\n<li><span lang=\"sk-SK\">Mosadzn\u00e9 raznice (pre hor\u00facu razbu \u2013 zl\u00e1tenie, reli\u00e9fnu razbu, sleporazbu)<\/span><\/li>\n<li><span lang=\"sk-SK\">Raznice na tla\u010diarensk\u00e9 spracovanie<\/span><\/li>\n<li><span lang=\"sk-SK\">Ru\u010dne vyr\u00e1ban\u00e9 raznice<\/span><\/li>\n<li><span lang=\"sk-SK\">Protikusy<\/span><\/li>\n<li><span lang=\"sk-SK\">Razidl\u00e1 2D, 3D<\/span><\/li>\n<li><span lang=\"sk-SK\">Rota\u010dn\u00e9 formy na hor\u00facu razbu pre flexotla\u010d<\/span><\/li>\n<li><span lang=\"sk-SK\">Magnetick\u00e9 valce<\/span><\/li>\n<li><span lang=\"sk-SK\">Fr\u00e9zovanie valcov a rota\u010dn\u00fdch pl\u00f4ch<\/span><\/li>\n<li><span lang=\"sk-SK\">Ochrann\u00e9 hologramy do razidiel<\/span><\/li>\n<li><span lang=\"sk-SK\">Mikroembosing<\/span><\/li>\n<\/ul>\n<p><strong><span style=\"font-size: 24px;\"><span lang=\"sk-SK\">Expedujeme do 24 hod\u00edn.<\/span><\/span><\/strong><\/p>\n<p>[\/et_pb_text][\/et_pb_column][\/et_pb_row][et_pb_row][et_pb_column type=&#8220;4_4&#8243;][et_pb_text _builder_version=&#8220;3.0.105&#8243; background_layout=&#8220;light&#8220;]<\/p>\n<p><span lang=\"sk-SK\">Efekt\u00edvne pln\u00edme z\u00e1kazky ve\u013ek\u00fdch aj mal\u00fdch rozmerov, po predch\u00e1dzaj\u00facej konzult\u00e1cii realizujeme aj objedn\u00e1vky \u0161pecifick\u00e9. V pr\u00edpade hor\u010d\u00edkov\u00fdch \u0161to\u010dkov sme schopn\u00ed v\u00fdrobky odovzd\u00e1va\u0165 do 24 hod\u00edn, pri in\u00fdch v\u00fdrobkoch navrhujeme term\u00edny dodania pod\u013ea konkr\u00e9tnych parametrov jednotliv\u00fdch z\u00e1kaziek.<\/span><\/p>\n<div class=\"frm_forms  with_frm_style frm_center_submit frm_style_formidable-style\" id=\"frm_form_6_container\" >\n<form enctype=\"multipart\/form-data\" method=\"post\" class=\"frm-show-form  frm_ajax_submit  frm_pro_form \" id=\"form_256nk\" >\n<div class=\"frm_form_fields \">\n<fieldset>\n<legend class=\"frm_screen_reader\">Dopytov\u00fd formul\u00e1r<\/legend>\r\n<h3 class=\"frm_form_title\">Dopytov\u00fd formul\u00e1r<\/h3>\r\n<div class=\"frm_fields_container\">\n<input type=\"hidden\" name=\"frm_action\" value=\"create\" \/>\n<input type=\"hidden\" name=\"form_id\" value=\"6\" \/>\n<input type=\"hidden\" name=\"frm_hide_fields_6\" id=\"frm_hide_fields_6\" value=\"\" \/>\n<input type=\"hidden\" name=\"form_key\" value=\"256nk\" \/>\n<input type=\"hidden\" name=\"item_meta[0]\" value=\"\" \/>\n<input type=\"hidden\" id=\"frm_submit_entry_6\" name=\"frm_submit_entry_6\" value=\"5074678abc\" \/><input type=\"hidden\" name=\"_wp_http_referer\" value=\"\/sk\/wp-json\/wp\/v2\/pages\/89\" \/><div id=\"frm_field_67_container\" class=\"frm_form_field form-field  frm_required_field frm_inside_container\">\r\n    <label for=\"field_f6oxx\" class=\"frm_primary_label\">Spolo\u010dnos\u0165\r\n        <span class=\"frm_required\">*<\/span>\r\n    <\/label>\r\n    <input  type=\"text\" id=\"field_f6oxx\" name=\"item_meta[67]\" value=\"\"  data-reqmsg=\"Toto pole nem\u00f4\u017ee by\u0165 pr\u00e1zdne.\" aria-required=\"true\" data-invmsg=\"Text is invalid\" aria-invalid=\"false\"   \/>\r\n    \r\n    \r\n<\/div>\n<div id=\"frm_field_70_container\" class=\"frm_form_field form-field  frm_required_field frm_inside_container\">\r\n    <label for=\"field_aexze\" class=\"frm_primary_label\">Kontaktn\u00e1 osoba\r\n        <span class=\"frm_required\">*<\/span>\r\n    <\/label>\r\n    <input  type=\"text\" id=\"field_aexze\" name=\"item_meta[70]\" value=\"\"  data-reqmsg=\"Toto pole nem\u00f4\u017ee by\u0165 pr\u00e1zdne.\" aria-required=\"true\" data-invmsg=\"Text is invalid\" aria-invalid=\"false\"   \/>\r\n    \r\n    \r\n<\/div>\n<div id=\"frm_field_72_container\" class=\"frm_form_field form-field  frm_required_field frm_inside_container frm_half frm_first\">\r\n    <label for=\"field_70otp\" class=\"frm_primary_label\">Telef\u00f3n\r\n        <span class=\"frm_required\">*<\/span>\r\n    <\/label>\r\n    <input  type=\"text\" id=\"field_70otp\" name=\"item_meta[72]\" value=\"\"  data-reqmsg=\"Toto pole nem\u00f4\u017ee by\u0165 pr\u00e1zdne.\" aria-required=\"true\" data-invmsg=\"Text is invalid\" aria-invalid=\"false\"   \/>\r\n    \r\n    \r\n<\/div>\n<div id=\"frm_field_75_container\" class=\"frm_form_field form-field  frm_required_field frm_inside_container frm_half frm_alignright\">\r\n    <label for=\"field_gt1jm\" class=\"frm_primary_label\">Email\r\n        <span class=\"frm_required\">*<\/span>\r\n    <\/label>\r\n    <input type=\"email\" id=\"field_gt1jm\" name=\"item_meta[75]\" value=\"\"  data-reqmsg=\"Toto pole nem\u00f4\u017ee by\u0165 pr\u00e1zdne.\" aria-required=\"true\" data-invmsg=\"E-mail je neplatn\u00fd\" aria-invalid=\"false\"  \/>\r\n    \r\n    \r\n<\/div>\n<div id=\"frm_field_77_container\" class=\"frm_form_field form-field  frm_required_field frm_inside_container\">\r\n    <label for=\"field_lm4ux\" class=\"frm_primary_label\">\u0160pecifik\u00e1cie dopytu\r\n        <span class=\"frm_required\">*<\/span>\r\n    <\/label>\r\n    <textarea name=\"item_meta[77]\" id=\"field_lm4ux\" rows=\"5\"  data-reqmsg=\"Toto pole nem\u00f4\u017ee by\u0165 pr\u00e1zdne.\" aria-required=\"true\" data-invmsg=\"\u0160pecifik\u00e1cie dopytu is invalid\" aria-invalid=\"false\"  ><\/textarea>\r\n    \r\n    \r\n<\/div>\n<div id=\"frm_field_80_container\" class=\"frm_form_field form-field  frm_top_container\">\r\n    <label for=\"field_7pq8t\" class=\"frm_primary_label\">Pr\u00edloha\r\n        <span class=\"frm_required\"><\/span>\r\n    <\/label>\r\n    <input type=\"hidden\"  data-invmsg=\"File Upload is invalid\" aria-invalid=\"false\"   name=\"item_meta[80][]\"  value=\"\" data-frmfile=\"80\" \/>\n\n<div class=\"frm_dropzone frm_multi_upload frm_clearfix\" id=\"file80_dropzone\" role=\"group\" >\n\t<div class=\"fallback\">\n\t\t<input type=\"file\" name=\"file80[]\" id=\"field_7pq8t\"\n\t\t\t data-frmfile=\"80\" multiple=\"multiple\"  data-invmsg=\"File Upload is invalid\" aria-invalid=\"false\"  \t\t\t\/>\n\t\t\t\t<div class=\"frm_clearfix \"><\/div>\n\t<\/div>\n\t<div class=\"dz-message needsclick\">\n\t\t\t\t<svg  viewBox=\"0 0 18 18\" class=\"frmsvg frm-svg-icon\">\n\t<path viewBox=\"0 0 18 18\" fill-rule=\"evenodd\" clip-rule=\"evenodd\" d=\"M8.2 4v8a.8.8 0 001.5 0V4l2.1 2.2A.7.7 0 1013 5L9.5 1.7a.7.7 0 00-1.1 0L5.1 5.2a.8.8 0 001 1l2.1-2zm7.6 4.3c.4 0 .7.3.7.7v6.8c0 .4-.3.7-.8.7H2.3a.8.8 0 01-.8-.8V9A.8.8 0 013 9v6h12V9c0-.4.3-.8.8-.8z\"><\/path>\n<\/svg>\t\t<span class=\"frm_upload_text\"><button type=\"button\" aria-label=\"Pr\u00edloha. P\u0159et\u00e1hn\u011bte soubor na toto m\u00edsto nebo klikn\u011bte. Maximum file size: 50MB\">P\u0159et\u00e1hn\u011bte soubor na toto m\u00edsto nebo klikn\u011bte<\/button><\/span>\n\t\t<span class=\"frm_compact_text\"><button type=\"button\" aria-label=\"Pr\u00edloha. Nahra\u0165 s\u00fabor. Maximum file size: 50MB\">Nahra\u0165 s\u00fabor<\/button><\/span>\n\t\t<div class=\"frm_small_text\">\n\t\t\t<p>Maximum file size: 50MB<\/p>\n\t\t<\/div>\n\t<\/div>\n<\/div>\n\t\r\n    \r\n    \r\n<\/div>\n<div id=\"frm_field_118_container\" class=\"frm_form_field form-field  frm_none_container\">\r\n\t<label for=\"g-recaptcha-response\" id=\"field_hm9g3_label\" class=\"frm_primary_label\">Captcha\r\n\t\t<span class=\"frm_required\" aria-hidden=\"true\"><\/span>\r\n\t<\/label>\r\n\t<div  id=\"field_hm9g3\" class=\"frm-g-recaptcha\" data-sitekey=\"6LctsFUqAAAAAE_wMW16BrhyFrFPgBR4NYzjaGoG\" data-size=\"invisible\" data-theme=\"light\"><\/div>\r\n\t\r\n\t\r\n<\/div>\n<div id=\"frm_field_111_container\" class=\"frm_form_field form-field \">\r\n\t<div class=\"frm_submit\">\r\n\r\n<button class=\"frm_button_submit frm_final_submit\" type=\"submit\"   formnovalidate=\"formnovalidate\">Odeslat<\/button>\r\n\r\n<\/div>\r\n<\/div>\n\t<input type=\"hidden\" name=\"item_key\" value=\"\" \/>\n\t\t\t<div id=\"frm_field_119_container\">\n\t\t\t<label for=\"field_k8fem\" >\n\t\t\t\tIf you are human, leave this field blank.\t\t\t<\/label>\n\t\t\t<input  id=\"field_k8fem\" type=\"text\" class=\"frm_form_field form-field frm_verify\" name=\"item_meta[119]\" value=\"\"  \/>\n\t\t<\/div>\n\t\t<input name=\"frm_state\" type=\"hidden\" value=\"QMP\/Kx+A6wuOvdc5bzGsTjqjTMZ3EUerK0iQ8pExgreeRreviwLRXFJFv6iP5Brx\" \/><\/div>\n<\/fieldset>\n<\/div>\n\n<\/form>\n<\/div>\n\n<p>&nbsp;<\/p>\n<p>[\/et_pb_text][\/et_pb_column][\/et_pb_row][\/et_pb_section]<\/p>\n","protected":false},"excerpt":{"rendered":"<p>Vyr\u00e1bame: Hor\u010d\u00edkov\u00e9 \u0161to\u010dky (pre hor\u00facu razbu \u2013&#8230;<\/p>\n","protected":false},"author":1,"featured_media":0,"parent":0,"menu_order":2,"comment_status":"closed","ping_status":"closed","template":"","meta":{"_et_pb_use_builder":"on","_et_pb_old_content":"","_et_gb_content_width":"","footnotes":""},"class_list":["post-89","page","type-page","status-publish","hentry"],"_links":{"self":[{"href":"https:\/\/www.chemigrafie.eu\/sk\/wp-json\/wp\/v2\/pages\/89","targetHints":{"allow":["GET"]}}],"collection":[{"href":"https:\/\/www.chemigrafie.eu\/sk\/wp-json\/wp\/v2\/pages"}],"about":[{"href":"https:\/\/www.chemigrafie.eu\/sk\/wp-json\/wp\/v2\/types\/page"}],"author":[{"embeddable":true,"href":"https:\/\/www.chemigrafie.eu\/sk\/wp-json\/wp\/v2\/users\/1"}],"replies":[{"embeddable":true,"href":"https:\/\/www.chemigrafie.eu\/sk\/wp-json\/wp\/v2\/comments?post=89"}],"version-history":[{"count":4,"href":"https:\/\/www.chemigrafie.eu\/sk\/wp-json\/wp\/v2\/pages\/89\/revisions"}],"predecessor-version":[{"id":180,"href":"https:\/\/www.chemigrafie.eu\/sk\/wp-json\/wp\/v2\/pages\/89\/revisions\/180"}],"wp:attachment":[{"href":"https:\/\/www.chemigrafie.eu\/sk\/wp-json\/wp\/v2\/media?parent=89"}],"curies":[{"name":"wp","href":"https:\/\/api.w.org\/{rel}","templated":true}]}}