{"id":93,"date":"2018-02-13T13:57:30","date_gmt":"2018-02-13T12:57:30","guid":{"rendered":"http:\/\/vx108800.server2.imperialmedia.cz\/?page_id=93"},"modified":"2018-02-13T13:57:30","modified_gmt":"2018-02-13T12:57:30","slug":"dopyt","status":"publish","type":"page","link":"https:\/\/www.chemigrafie.eu\/sk\/dopyt\/","title":{"rendered":"Dopyt"},"content":{"rendered":"<p>[et_pb_section bb_built=&#8220;1&#8243; next_background_color=&#8220;#000000&#8243; _builder_version=&#8220;3.0.101&#8243; custom_padding=&#8220;0px||0px|&#8220;][et_pb_row _builder_version=&#8220;3.0.101&#8243; make_fullwidth=&#8220;on&#8220; background_image=&#8220;http:\/\/www.chemigrafie.eu\/wp-content\/uploads\/2018\/02\/subpage-headline-bg.png&#8220; custom_padding=&#8220;90px||90px|&#8220;][et_pb_column type=&#8220;4_4&#8243;][et_pb_post_title _builder_version=&#8220;3.0.101&#8243; title=&#8220;on&#8220; meta=&#8220;off&#8220; author=&#8220;on&#8220; date=&#8220;on&#8220; categories=&#8220;on&#8220; comments=&#8220;on&#8220; featured_image=&#8220;off&#8220; featured_placement=&#8220;below&#8220; text_color=&#8220;dark&#8220; text_background=&#8220;off&#8220; text_orientation=&#8220;center&#8220; title_font_size=&#8220;48px&#8220; title_text_color=&#8220;#ffffff&#8220; \/][\/et_pb_column][\/et_pb_row][\/et_pb_section][et_pb_section bb_built=&#8220;1&#8243; fullwidth=&#8220;off&#8220; specialty=&#8220;off&#8220; prev_background_color=&#8220;#000000&#8243;][et_pb_row][et_pb_column type=&#8220;4_4&#8243;][et_pb_text _builder_version=&#8220;3.0.101&#8243; background_layout=&#8220;light&#8220;]<\/p>\n<p><span lang=\"sk-SK\">\u010eakujeme v\u00e1m za v\u00e1\u0161 z\u00e1ujem o na\u0161u pr\u00e1cu. Vypl\u0148te, pros\u00edm, v\u0161etky polia formul\u00e1ra, aby sme mohli zaisti\u0165 spr\u00e1vne a r\u00fdchle vybavenie v\u00e1\u0161ho dopytu. \u010eakujeme.<\/span><\/p>\n<p>Expedujeme do 24 hod\u00edn.<\/p>\n<div class=\"frm_forms  with_frm_style frm_center_submit frm_style_formidable-style\" id=\"frm_form_6_container\" >\n<form enctype=\"multipart\/form-data\" method=\"post\" class=\"frm-show-form  frm_ajax_submit  frm_pro_form \" id=\"form_256nk\" >\n<div class=\"frm_form_fields \">\n<fieldset>\n<legend class=\"frm_screen_reader\">Dopytov\u00fd formul\u00e1r<\/legend>\r\n<h3 class=\"frm_form_title\">Dopytov\u00fd formul\u00e1r<\/h3>\r\n<div class=\"frm_fields_container\">\n<input type=\"hidden\" name=\"frm_action\" value=\"create\" \/>\n<input type=\"hidden\" name=\"form_id\" value=\"6\" \/>\n<input type=\"hidden\" name=\"frm_hide_fields_6\" id=\"frm_hide_fields_6\" value=\"\" \/>\n<input type=\"hidden\" name=\"form_key\" value=\"256nk\" \/>\n<input type=\"hidden\" name=\"item_meta[0]\" value=\"\" \/>\n<input type=\"hidden\" id=\"frm_submit_entry_6\" name=\"frm_submit_entry_6\" value=\"5f2cc15eaf\" \/><input type=\"hidden\" name=\"_wp_http_referer\" value=\"\/sk\/wp-json\/wp\/v2\/pages\/93\" \/><div id=\"frm_field_67_container\" class=\"frm_form_field form-field  frm_required_field frm_inside_container\">\r\n    <label for=\"field_f6oxx\" class=\"frm_primary_label\">Spolo\u010dnos\u0165\r\n        <span class=\"frm_required\">*<\/span>\r\n    <\/label>\r\n    <input  type=\"text\" id=\"field_f6oxx\" name=\"item_meta[67]\" value=\"\"  data-reqmsg=\"Toto pole nem\u00f4\u017ee by\u0165 pr\u00e1zdne.\" aria-required=\"true\" data-invmsg=\"Text is invalid\" aria-invalid=\"false\"   \/>\r\n    \r\n    \r\n<\/div>\n<div id=\"frm_field_70_container\" class=\"frm_form_field form-field  frm_required_field frm_inside_container\">\r\n    <label for=\"field_aexze\" class=\"frm_primary_label\">Kontaktn\u00e1 osoba\r\n        <span class=\"frm_required\">*<\/span>\r\n    <\/label>\r\n    <input  type=\"text\" id=\"field_aexze\" name=\"item_meta[70]\" value=\"\"  data-reqmsg=\"Toto pole nem\u00f4\u017ee by\u0165 pr\u00e1zdne.\" aria-required=\"true\" data-invmsg=\"Text is invalid\" aria-invalid=\"false\"   \/>\r\n    \r\n    \r\n<\/div>\n<div id=\"frm_field_72_container\" class=\"frm_form_field form-field  frm_required_field frm_inside_container frm_half frm_first\">\r\n    <label for=\"field_70otp\" class=\"frm_primary_label\">Telef\u00f3n\r\n        <span class=\"frm_required\">*<\/span>\r\n    <\/label>\r\n    <input  type=\"text\" id=\"field_70otp\" name=\"item_meta[72]\" value=\"\"  data-reqmsg=\"Toto pole nem\u00f4\u017ee by\u0165 pr\u00e1zdne.\" aria-required=\"true\" data-invmsg=\"Text is invalid\" aria-invalid=\"false\"   \/>\r\n    \r\n    \r\n<\/div>\n<div id=\"frm_field_75_container\" class=\"frm_form_field form-field  frm_required_field frm_inside_container frm_half frm_alignright\">\r\n    <label for=\"field_gt1jm\" class=\"frm_primary_label\">Email\r\n        <span class=\"frm_required\">*<\/span>\r\n    <\/label>\r\n    <input type=\"email\" id=\"field_gt1jm\" name=\"item_meta[75]\" value=\"\"  data-reqmsg=\"Toto pole nem\u00f4\u017ee by\u0165 pr\u00e1zdne.\" aria-required=\"true\" data-invmsg=\"E-mail je neplatn\u00fd\" aria-invalid=\"false\"  \/>\r\n    \r\n    \r\n<\/div>\n<div id=\"frm_field_77_container\" class=\"frm_form_field form-field  frm_required_field frm_inside_container\">\r\n    <label for=\"field_lm4ux\" class=\"frm_primary_label\">\u0160pecifik\u00e1cie dopytu\r\n        <span class=\"frm_required\">*<\/span>\r\n    <\/label>\r\n    <textarea name=\"item_meta[77]\" id=\"field_lm4ux\" rows=\"5\"  data-reqmsg=\"Toto pole nem\u00f4\u017ee by\u0165 pr\u00e1zdne.\" aria-required=\"true\" data-invmsg=\"\u0160pecifik\u00e1cie dopytu is invalid\" aria-invalid=\"false\"  ><\/textarea>\r\n    \r\n    \r\n<\/div>\n<div id=\"frm_field_80_container\" class=\"frm_form_field form-field  frm_top_container\">\r\n    <label for=\"field_7pq8t\" class=\"frm_primary_label\">Pr\u00edloha\r\n        <span class=\"frm_required\"><\/span>\r\n    <\/label>\r\n    <input type=\"hidden\"  data-invmsg=\"File Upload is invalid\" aria-invalid=\"false\"   name=\"item_meta[80][]\"  value=\"\" data-frmfile=\"80\" \/>\n\n<div class=\"frm_dropzone frm_multi_upload frm_clearfix\" id=\"file80_dropzone\" role=\"group\" >\n\t<div class=\"fallback\">\n\t\t<input type=\"file\" name=\"file80[]\" id=\"field_7pq8t\"\n\t\t\t data-frmfile=\"80\" multiple=\"multiple\"  data-invmsg=\"File Upload is invalid\" aria-invalid=\"false\"  \t\t\t\/>\n\t\t\t\t<div class=\"frm_clearfix \"><\/div>\n\t<\/div>\n\t<div class=\"dz-message needsclick\">\n\t\t\t\t<svg  viewBox=\"0 0 18 18\" class=\"frmsvg frm-svg-icon\">\n\t<path viewBox=\"0 0 18 18\" fill-rule=\"evenodd\" clip-rule=\"evenodd\" d=\"M8.2 4v8a.8.8 0 001.5 0V4l2.1 2.2A.7.7 0 1013 5L9.5 1.7a.7.7 0 00-1.1 0L5.1 5.2a.8.8 0 001 1l2.1-2zm7.6 4.3c.4 0 .7.3.7.7v6.8c0 .4-.3.7-.8.7H2.3a.8.8 0 01-.8-.8V9A.8.8 0 013 9v6h12V9c0-.4.3-.8.8-.8z\"><\/path>\n<\/svg>\t\t<span class=\"frm_upload_text\"><button type=\"button\" aria-label=\"Pr\u00edloha. P\u0159et\u00e1hn\u011bte soubor na toto m\u00edsto nebo klikn\u011bte. Maximum file size: 50MB\">P\u0159et\u00e1hn\u011bte soubor na toto m\u00edsto nebo klikn\u011bte<\/button><\/span>\n\t\t<span class=\"frm_compact_text\"><button type=\"button\" aria-label=\"Pr\u00edloha. Nahra\u0165 s\u00fabor. Maximum file size: 50MB\">Nahra\u0165 s\u00fabor<\/button><\/span>\n\t\t<div class=\"frm_small_text\">\n\t\t\t<p>Maximum file size: 50MB<\/p>\n\t\t<\/div>\n\t<\/div>\n<\/div>\n\t\r\n    \r\n    \r\n<\/div>\n<div id=\"frm_field_118_container\" class=\"frm_form_field form-field  frm_none_container\">\r\n\t<label for=\"g-recaptcha-response\" id=\"field_hm9g3_label\" class=\"frm_primary_label\">Captcha\r\n\t\t<span class=\"frm_required\" aria-hidden=\"true\"><\/span>\r\n\t<\/label>\r\n\t<div  id=\"field_hm9g3\" class=\"frm-g-recaptcha\" data-sitekey=\"6LctsFUqAAAAAE_wMW16BrhyFrFPgBR4NYzjaGoG\" data-size=\"invisible\" data-theme=\"light\"><\/div>\r\n\t\r\n\t\r\n<\/div>\n<div id=\"frm_field_111_container\" class=\"frm_form_field form-field \">\r\n\t<div class=\"frm_submit\">\r\n\r\n<button class=\"frm_button_submit frm_final_submit\" type=\"submit\"   formnovalidate=\"formnovalidate\">Odeslat<\/button>\r\n\r\n<\/div>\r\n<\/div>\n\t<input type=\"hidden\" name=\"item_key\" value=\"\" \/>\n\t\t\t<div id=\"frm_field_119_container\">\n\t\t\t<label for=\"field_4dt80\" >\n\t\t\t\tIf you are human, leave this field blank.\t\t\t<\/label>\n\t\t\t<input  id=\"field_4dt80\" type=\"text\" class=\"frm_form_field form-field frm_verify\" name=\"item_meta[119]\" value=\"\"  \/>\n\t\t<\/div>\n\t\t<input name=\"frm_state\" type=\"hidden\" value=\"QMP\/Kx+A6wuOvdc5bzGsTg\/3BwRtnEr5Jnkr9BRuFhieRreviwLRXFJFv6iP5Brx\" \/><\/div>\n<\/fieldset>\n<\/div>\n\n<\/form>\n<\/div>\n\n<p>&nbsp;<\/p>\n<p>[\/et_pb_text][\/et_pb_column][\/et_pb_row][\/et_pb_section]<\/p>\n","protected":false},"excerpt":{"rendered":"<p>\u010eakujeme v\u00e1m za v\u00e1\u0161 z\u00e1ujem o na\u0161u pr\u00e1cu. Vypl\u0148te,&#8230;<\/p>\n","protected":false},"author":1,"featured_media":0,"parent":0,"menu_order":5,"comment_status":"closed","ping_status":"closed","template":"","meta":{"_et_pb_use_builder":"on","_et_pb_old_content":"","_et_gb_content_width":"","footnotes":""},"class_list":["post-93","page","type-page","status-publish","hentry"],"_links":{"self":[{"href":"https:\/\/www.chemigrafie.eu\/sk\/wp-json\/wp\/v2\/pages\/93","targetHints":{"allow":["GET"]}}],"collection":[{"href":"https:\/\/www.chemigrafie.eu\/sk\/wp-json\/wp\/v2\/pages"}],"about":[{"href":"https:\/\/www.chemigrafie.eu\/sk\/wp-json\/wp\/v2\/types\/page"}],"author":[{"embeddable":true,"href":"https:\/\/www.chemigrafie.eu\/sk\/wp-json\/wp\/v2\/users\/1"}],"replies":[{"embeddable":true,"href":"https:\/\/www.chemigrafie.eu\/sk\/wp-json\/wp\/v2\/comments?post=93"}],"version-history":[{"count":1,"href":"https:\/\/www.chemigrafie.eu\/sk\/wp-json\/wp\/v2\/pages\/93\/revisions"}],"predecessor-version":[{"id":94,"href":"https:\/\/www.chemigrafie.eu\/sk\/wp-json\/wp\/v2\/pages\/93\/revisions\/94"}],"wp:attachment":[{"href":"https:\/\/www.chemigrafie.eu\/sk\/wp-json\/wp\/v2\/media?parent=93"}],"curies":[{"name":"wp","href":"https:\/\/api.w.org\/{rel}","templated":true}]}}