{"id":95,"date":"2018-02-13T13:59:22","date_gmt":"2018-02-13T12:59:22","guid":{"rendered":"http:\/\/vx108800.server2.imperialmedia.cz\/?page_id=95"},"modified":"2024-11-07T10:11:35","modified_gmt":"2024-11-07T09:11:35","slug":"kontakt","status":"publish","type":"page","link":"https:\/\/www.chemigrafie.eu\/sk\/kontakt\/","title":{"rendered":"Kontakt"},"content":{"rendered":"<p>[et_pb_section fb_built=&#8220;1&#8243; _builder_version=&#8220;4.16&#8243; custom_padding=&#8220;0px||0px|&#8220; global_colors_info=&#8220;{}&#8220;][et_pb_row module_class=&#8220; et_pb_row_fullwidth&#8220; _builder_version=&#8220;4.16&#8243; background_image=&#8220;https:\/\/www.chemigrafie.eu\/wp-content\/uploads\/2018\/02\/subpage-headline-bg.png&#8220; width=&#8220;89%&#8220; width_tablet=&#8220;80%&#8220; width_last_edited=&#8220;on|desktop&#8220; max_width=&#8220;89%&#8220; max_width_tablet=&#8220;80%&#8220; max_width_last_edited=&#8220;on|desktop&#8220; custom_padding=&#8220;90px||90px|&#8220; make_fullwidth=&#8220;on&#8220; global_colors_info=&#8220;{}&#8220; width_phone=&#8220;80%&#8220; max_width_phone=&#8220;80%&#8220;][et_pb_column type=&#8220;4_4&#8243; _builder_version=&#8220;4.16&#8243; custom_padding=&#8220;|||&#8220; global_colors_info=&#8220;{}&#8220; custom_padding__hover=&#8220;|||&#8220;][et_pb_post_title meta=&#8220;off&#8220; featured_image=&#8220;off&#8220; _builder_version=&#8220;4.16&#8243; title_text_color=&#8220;#ffffff&#8220; title_font_size=&#8220;48px&#8220; text_orientation=&#8220;center&#8220; global_colors_info=&#8220;{}&#8220;][\/et_pb_post_title][\/et_pb_column][\/et_pb_row][\/et_pb_section][et_pb_section fb_built=&#8220;1&#8243; _builder_version=&#8220;4.16&#8243; global_colors_info=&#8220;{}&#8220;][et_pb_row _builder_version=&#8220;4.16&#8243; background_size=&#8220;initial&#8220; background_position=&#8220;top_left&#8220; background_repeat=&#8220;repeat&#8220; global_colors_info=&#8220;{}&#8220; column_structure=&#8220;1_3,2_3&#8243;][et_pb_column type=&#8220;1_3&#8243; _builder_version=&#8220;4.16&#8243; custom_padding=&#8220;|||&#8220; global_colors_info=&#8220;{}&#8220; custom_padding__hover=&#8220;|||&#8220;][et_pb_text _builder_version=&#8220;4.27.2&#8243; hover_enabled=&#8220;0&#8243; global_colors_info=&#8220;{}&#8220; sticky_enabled=&#8220;0&#8243;]<\/p>\n<p>&nbsp;<\/p>\n<table>\n<tbody>\n<tr>\n<td>N\u00e1zov firmy:<\/td>\n<td>Martin Leke\u0161<\/td>\n<\/tr>\n<tr>\n<td>Adresa s\u00eddla:<\/td>\n<td>Kv\u011btnov\u00e1 1223, Hluk<br \/>687 25 Hluk<\/td>\n<\/tr>\n<tr>\n<td>Tel.:<\/td>\n<td><a href=\"tel:+420608745116\">+420 608 745 116<\/a><\/td>\n<\/tr>\n<tr>\n<td>Fax:<\/td>\n<td><a href=\"tel:+420572501480\">+420 572 501 480<\/a><\/td>\n<\/tr>\n<tr>\n<td>Email:<\/td>\n<td>\u00a0<a href=\"mailto:info@chemigrafie.eu\">info@chemigrafie.eu<\/a><\/td>\n<\/tr>\n<\/tbody>\n<\/table>\n<p>&nbsp;<\/p>\n<p>[\/et_pb_text][\/et_pb_column][et_pb_column type=&#8220;2_3&#8243; _builder_version=&#8220;4.16&#8243; custom_padding=&#8220;|||&#8220; global_colors_info=&#8220;{}&#8220; custom_padding__hover=&#8220;|||&#8220;][et_pb_map address=&#8220;Kv\u011btnov\u00e1 1223, 687 25 Hluk, \u010cesko&#8220; zoom_level=&#8220;16&#8243; address_lat=&#8220;48.9910918&#8243; address_lng=&#8220;17.513782399999968&#8243; _builder_version=&#8220;4.16&#8243; global_colors_info=&#8220;{}&#8220;][et_pb_map_pin pin_address=&#8220;Kv\u011btnov\u00e1 1223, 687 25 Hluk, \u010cesko&#8220; pin_address_lat=&#8220;48.9910918&#8243; pin_address_lng=&#8220;17.513782399999968&#8243; _builder_version=&#8220;3.0.101&#8243; global_colors_info=&#8220;{}&#8220;][\/et_pb_map_pin][\/et_pb_map][\/et_pb_column][\/et_pb_row][\/et_pb_section]<\/p>\n","protected":false},"excerpt":{"rendered":"<p>&nbsp; N\u00e1zov firmy: Martin Leke\u0161 Adresa s\u00eddla:&#8230;<\/p>\n","protected":false},"author":1,"featured_media":0,"parent":0,"menu_order":6,"comment_status":"closed","ping_status":"closed","template":"","meta":{"_et_pb_use_builder":"on","_et_pb_old_content":"","_et_gb_content_width":"","footnotes":""},"class_list":["post-95","page","type-page","status-publish","hentry"],"_links":{"self":[{"href":"https:\/\/www.chemigrafie.eu\/sk\/wp-json\/wp\/v2\/pages\/95","targetHints":{"allow":["GET"]}}],"collection":[{"href":"https:\/\/www.chemigrafie.eu\/sk\/wp-json\/wp\/v2\/pages"}],"about":[{"href":"https:\/\/www.chemigrafie.eu\/sk\/wp-json\/wp\/v2\/types\/page"}],"author":[{"embeddable":true,"href":"https:\/\/www.chemigrafie.eu\/sk\/wp-json\/wp\/v2\/users\/1"}],"replies":[{"embeddable":true,"href":"https:\/\/www.chemigrafie.eu\/sk\/wp-json\/wp\/v2\/comments?post=95"}],"version-history":[{"count":3,"href":"https:\/\/www.chemigrafie.eu\/sk\/wp-json\/wp\/v2\/pages\/95\/revisions"}],"predecessor-version":[{"id":22617,"href":"https:\/\/www.chemigrafie.eu\/sk\/wp-json\/wp\/v2\/pages\/95\/revisions\/22617"}],"wp:attachment":[{"href":"https:\/\/www.chemigrafie.eu\/sk\/wp-json\/wp\/v2\/media?parent=95"}],"curies":[{"name":"wp","href":"https:\/\/api.w.org\/{rel}","templated":true}]}}